{"id":1232,"date":"2021-09-04T13:16:01","date_gmt":"2021-09-04T13:16:01","guid":{"rendered":"https:\/\/bslthemes.com\/tastyc\/fullwidth\/?page_id=1076"},"modified":"2025-03-14T15:50:43","modified_gmt":"2025-03-14T15:50:43","slug":"theconcept","status":"publish","type":"page","link":"https:\/\/ciaoitalypizza.ca\/fr\/theconcept\/","title":{"rendered":"Le Concept"},"content":{"rendered":"<div data-elementor-type=\"wp-page\" data-elementor-id=\"1232\" class=\"elementor elementor-1232\">\n\t\t\t\t\t\t<section class=\"elementor-section elementor-top-section elementor-element elementor-element-3a7e55e elementor-section-full_width elementor-section-height-default elementor-section-height-default\" data-id=\"3a7e55e\" data-element_type=\"section\" data-e-type=\"section\">\n\t\t\t\t\t\t<div class=\"elementor-container elementor-column-gap-no\">\n\t\t\t\t\t<div class=\"elementor-column elementor-col-100 elementor-top-column elementor-element elementor-element-4e3ea16\" data-id=\"4e3ea16\" data-element_type=\"column\" data-e-type=\"column\">\n\t\t\t<div class=\"elementor-widget-wrap elementor-element-populated\">\n\t\t\t\t\t\t<div class=\"elementor-element elementor-element-77834f5 elementor-widget elementor-widget-tastyc-about-us-wide\" data-id=\"77834f5\" data-element_type=\"widget\" data-e-type=\"widget\" data-widget_type=\"tastyc-about-us-wide.default\">\n\t\t\t\t<div class=\"elementor-widget-container\">\n\t\t\t\t\t\n\t\t<!-- container -->\n\t\t<div class=\"container\">\n\n\t\t<div class=\"row\">\n\n                    <div class=\"col-lg-12\">\n\n            <!-- about text -->\n            <div class=\"tst-mb-60 text-center\">\n                            <div class=\"tst-suptitle tst-suptitle-center tst-mb-15\">\n              \t<span >\n\t\t\t\t\tService Traiteur Personnalis\u00e9e\t\t\t\t<\/span>\n              <\/div>\n                                          <h3 class=\"tst-title--h text-center tst-mb-30\">\n              \t<span >\n\t\t\t\t\t<h3 data-start=\"83\" data-end=\"104\"><strong data-start=\"87\" data-end=\"102\">Le Concept<\/strong><\/h3>\t\t\t\t<\/span>\n              <\/h3>\n                                          <div class=\"tst-text tst-mb-30\">\n              \t<div >\n\t\t\t\t  \t<p data-start=\"106\" data-end=\"522\">Chez <strong data-start=\"109\" data-end=\"129\">Ciao Italy Pizza<\/strong>, we believe that great food brings people together, and our passion for delivering exceptional catering experiences has led us to <strong data-start=\"260\" data-end=\"283\">expand beyond pizza<\/strong>. While our handcrafted pizzas remain at the heart of what we do, we\u2019ve evolved into a <strong data-start=\"370\" data-end=\"403\">full-service catering company<\/strong>, offering multiple specialized <strong data-start=\"435\" data-end=\"453\">event stations<\/strong> designed to create a truly customized experience for any occasion.<\/p><p data-start=\"524\" data-end=\"1004\">\u00a0<\/p>\t\t\t\t<\/div>\n              <\/div>\n                                          \t\t\t\t<a target=\"_blank\" href=\"https:\/\/www.facebook.com\/ciaoitalypizza\" class=\"tst-icon-link\" title=\"Facebook\">\n\t\t\t\t<i class=\"fab fa-facebook-f\"><\/i>\t\t\t\t<\/a>\n\t\t\t  \t\t\t\t<a target=\"_blank\" href=\"https:\/\/www.instagram.com\/ciaoitalypizza\/\" class=\"tst-icon-link\" title=\"Instagram\">\n\t\t\t\t<i class=\"fab fa-instagram-square\"><\/i>\t\t\t\t<\/a>\n\t\t\t                            <\/div>\n            <!-- about text end -->\n\n          <\/div>\n\n        <\/div>\n        \n        \n        \n        <div class=\"tst-spacer tst-spacer-only-bottom-space\"><\/div>\n\n        <\/div>\n\n\t\t\t\t\t\t<\/div>\n\t\t\t\t<\/div>\n\t\t\t\t<div class=\"elementor-element elementor-element-1e3789f elementor-widget elementor-widget-tastyc-about-us\" data-id=\"1e3789f\" data-element_type=\"widget\" data-e-type=\"widget\" data-widget_type=\"tastyc-about-us.default\">\n\t\t\t\t<div class=\"elementor-widget-container\">\n\t\t\t\t\t\n\t\t<!-- container -->\n\t\t<div class=\"container\">\n\n\t\t<div class=\"row align-items-center flex-sm-row-reverse\">\n\n\t\t<div class=\"col-lg-6\">\n\n\t\t<!-- about text -->\n\t\t<div class=\"tst-mb-60\">\n\t\t  \t\t  <div class=\"tst-suptitle tst-mb-15\">\n\t\t  \t<span >\n\t\t\t\tLe Concept\t\t\t<\/span>\n\t\t  <\/div>\n\t\t  \t\t  \t\t  <h3 class=\"tst-title--h tst-mb-30\">\n\t\t  \t<span >\n\t\t\t\tAu-del\u00e0 de la simple pizza\t\t\t<\/span>\n\t\t  <\/h3>\n\t\t  \t\t  \t\t  <div class=\"tst-text tst-mb-30\">\n\t\t  \t<div >\n\t\t\t  \t<p data-start=\"524\" data-end=\"1004\" class=\"translation-block\">Des <strong data-start=\"529\" data-end=\"619\">f\u00eates en plein air aux mariages \u00e9l\u00e9gants, \u00e9v\u00e9nements d'entreprise et festivals de grande envergure<\/strong>, nous apportons les <strong data-start=\"634\" data-end=\"664\">saveurs authentiques de l'Italie<\/strong> et d'ailleurs directement \u00e0 votre \u00e9v\u00e9nement. Notre objectif est simple\u00a0: <strong data-start=\"720\" data-end=\"839\">simplifier l'organisation de vos \u00e9v\u00e9nements en proposant une offre gastronomique vari\u00e9e et de qualit\u00e9, adapt\u00e9e \u00e0 tous les go\u00fbts et pr\u00e9f\u00e9rences<\/strong>. Que vous recherchiez une <strong data-start=\"870\" data-end=\"946\">soir\u00e9e pizza d\u00e9contract\u00e9e, un barbecue gastronomique ou un bar \u00e0 caf\u00e9 et desserts luxueux<\/strong>, nous avons <strong data-start=\"956\" data-end=\"1001\">l'espace id\u00e9al pour sublimer votre \u00e9v\u00e9nement<\/strong>.<\/p><p data-start=\"1006\" data-end=\"1314\" class=\"translation-block\">Chacune de nos <strong data-start=\"1018\" data-end=\"1036\">stations \u00e9v\u00e9nementielles<\/strong> a \u00e9t\u00e9 soigneusement con\u00e7ue pour offrir une <strong data-start=\"1077\" data-end=\"1119\">exp\u00e9rience culinaire unique et m\u00e9morable<\/strong>, vous permettant de les combiner <strong data-start=\"1151\" data-end=\"1164\">selon vos besoins<\/strong>. Que vous souhaitiez r\u00e9server une seule station ou cr\u00e9er un <strong data-start=\"1220\" data-end=\"1257\">forfait traiteur enti\u00e8rement personnalis\u00e9<\/strong>, nous vous offrons la flexibilit\u00e9 n\u00e9cessaire pour composer votre menu id\u00e9al.<\/p>\t\t\t<\/div>\n\t\t  <\/div>\n\t\t  \t\t  \t\t  <a href=\"https:\/\/ciaoitalypizza.ca\/fr\/our-event-stations\/\" class=\"tst-btn tst-anima-link tst-mr-30\">\n\t\t  \t<span >\n\t\t\t\t\tNos stations d'evenements\t\t\t\t<\/span>\n\t\t\t\t<span class=\"screen-reader-text\">Our Event StationsBeyond Just Pizza<\/span>\n\t\t  <\/a>\n\t\t  \t\t  \t\t<\/div>\n\t\t<!-- about text end -->\n\n\t\t<\/div>\n\n\t\t<div class=\"col-lg-6\">\n\n\t\t<!-- about video -->\n\t\t<div class=\"tst-about-cover tst-mb-60\">\n\t\t  \t\t  <img decoding=\"async\" src=\"https:\/\/ciaoitalypizza.ca\/wp-content\/uploads\/2025\/03\/Ciao-Italy-Main-Ad-3-950x1188.jpg\" alt=\"The Concept\" class=\"tst-cover\">\n\t\t  \t\t  <div class=\"tst-overlay\"><\/div>\n\t\t  \t\t<\/div>\n\t\t<!-- about video end -->\n\n\t\t<\/div>\n\n\t\t<\/div>\n\n\t\t<div class=\"tst-spacer tst-spacer-only-bottom-space\"><\/div>\n\n\t\t<\/div>\n\t\t<!-- container end -->\n\n\t\t\t\t\t\t<\/div>\n\t\t\t\t<\/div>\n\t\t\t\t<div class=\"elementor-element elementor-element-d09d614 elementor-widget elementor-widget-tastyc-about-us\" data-id=\"d09d614\" data-element_type=\"widget\" data-e-type=\"widget\" data-widget_type=\"tastyc-about-us.default\">\n\t\t\t\t<div class=\"elementor-widget-container\">\n\t\t\t\t\t\n\t\t<!-- container -->\n\t\t<div class=\"container\">\n\n\t\t<div class=\"row align-items-center flex-sm-row-reverse\">\n\n\t\t<div class=\"col-lg-6\">\n\n\t\t<!-- about text -->\n\t\t<div class=\"tst-mb-60\">\n\t\t  \t\t  <div class=\"tst-suptitle tst-mb-15\">\n\t\t  \t<span >\n\t\t\t\tcr\u00e9er des souvenirs inoubliables\t\t\t<\/span>\n\t\t  <\/div>\n\t\t  \t\t  \t\t  <h3 class=\"tst-title--h tst-mb-30\">\n\t\t  \t<span >\n\t\t\t\tVotre \u00e9v\u00e9nement, \u00e0 votre fa\u00e7on !\t\t\t<\/span>\n\t\t  <\/h3>\n\t\t  \t\t  \t\t  <div class=\"tst-text tst-mb-30\">\n\t\t  \t<div >\n\t\t\t  \t<p data-start=\"2341\" data-end=\"2647\" class=\"translation-block\">Chez <strong data-start=\"2344\" data-end=\"2364\">Ciao Italy Pizza<\/strong>, nous sommes bien plus que de simples pizzas\u00a0: nous offrons une <strong data-start=\"2401\" data-end=\"2465\">exp\u00e9rience traiteur compl\u00e8te, adapt\u00e9e aux besoins de votre \u00e9v\u00e9nement<\/strong>. Que vous choisissiez un seul poste ou une combinaison de nos services, nous veillons \u00e0 ce que chaque plat soit pr\u00e9par\u00e9 avec <strong data-start=\"2571\" data-end=\"2644\">des ingr\u00e9dients de qualit\u00e9, des saveurs authentiques et une passion pour l'hospitalit\u00e9<\/strong>.<\/p><p data-start=\"2649\" data-end=\"2810\" class=\"translation-block\"><strong data-start=\"2649\" data-end=\"2674\">Votre \u00e9v\u00e9nement, \u00e0 votre fa\u00e7on.<\/strong> Laissez-nous apporter la nourriture, la saveur et l'exp\u00e9rience, afin que vous puissiez vous asseoir, profiter et cr\u00e9er des souvenirs inoubliables avec vos invit\u00e9s.<\/p>\t\t\t<\/div>\n\t\t  <\/div>\n\t\t  \t\t  \t\t  <a href=\"https:\/\/ciaoitalypizza.ca\/fr\/contact\/\" class=\"tst-btn tst-anima-link tst-mr-30\">\n\t\t  \t<span >\n\t\t\t\t\tR\u00e9servez !\t\t\t\t<\/span>\n\t\t\t\t<span class=\"screen-reader-text\">Book Today!Your Event, Your Way!<\/span>\n\t\t  <\/a>\n\t\t  \t\t  \t\t<\/div>\n\t\t<!-- about text end -->\n\n\t\t<\/div>\n\n\t\t<div class=\"col-lg-6\">\n\n\t\t<!-- about video -->\n\t\t<div class=\"tst-about-cover tst-mb-60\">\n\t\t  \t\t  <img decoding=\"async\" src=\"https:\/\/ciaoitalypizza.ca\/wp-content\/uploads\/2025\/03\/IMG_6839-950x601.jpg\" alt=\"create unforgettable memories\" class=\"tst-cover\">\n\t\t  \t\t  <div class=\"tst-overlay\"><\/div>\n\t\t  \t\t<\/div>\n\t\t<!-- about video end -->\n\n\t\t<\/div>\n\n\t\t<\/div>\n\n\t\t<div class=\"tst-spacer tst-spacer-only-bottom-space\"><\/div>\n\n\t\t<\/div>\n\t\t<!-- container end -->\n\n\t\t\t\t\t\t<\/div>\n\t\t\t\t<\/div>\n\t\t\t\t\t<\/div>\n\t\t<\/div>\n\t\t\t\t\t<\/div>\n\t\t<\/section>\n\t\t\t\t<section class=\"elementor-section elementor-top-section elementor-element elementor-element-e7cbd97 elementor-section-full_width elementor-section-height-default elementor-section-height-default\" data-id=\"e7cbd97\" data-element_type=\"section\" data-e-type=\"section\">\n\t\t\t\t\t\t<div class=\"elementor-container elementor-column-gap-no\">\n\t\t\t\t\t<div class=\"elementor-column elementor-col-100 elementor-top-column elementor-element elementor-element-37b6c78\" data-id=\"37b6c78\" data-element_type=\"column\" data-e-type=\"column\">\n\t\t\t<div class=\"elementor-widget-wrap elementor-element-populated\">\n\t\t\t\t\t\t<div class=\"elementor-element elementor-element-a8c982f elementor-widget elementor-widget-tastyc-cta\" data-id=\"a8c982f\" data-element_type=\"widget\" data-e-type=\"widget\" data-widget_type=\"tastyc-cta.default\">\n\t\t\t\t<div class=\"elementor-widget-container\">\n\t\t\t\t\t\t\t<div class=\"tst-content-frame--end tst-p-0-60\"><\/div>\n\n\t\t<!-- call to action -->\n\t    <div class=\"tst-call-to-action\">\n\t        <div class=\"container\">\n\n\t          <div class=\"row align-items-center\">\n\t            <div class=\"col-lg-6\">\n\t              <!-- text -->\n\t              <div class=\"tst-cta-frame\">\n\t                <div class=\"tst-cta\">\n\t                  \t                  <div class=\"tst-suptitle tst-suptitle-mobile-md-center tst-text-shadow tst-white-2 tst-mb-15 tst-fade-up\">\n\t                  \t<span >\n\t\t\t\t\t\t\tR\u00e9serve\t\t\t\t\t\t<\/span>\n\t                  <\/div>\n\t                  \t                  \t                  <h2 class=\"tst-title--h tst-white-2 tst-text-shadow tst-mb-30 tst-fade-up\">\n\t                  \t<span >\n\t\t\t\t\t\t\tR\u00e9servez votre <br>\u00e9v\u00e9nement aujourd'hui!\t\t\t\t\t\t<\/span>\n\t                  <\/h2>\n\t                  \t                  \t                  <div class=\"tst-fade-up\">\n\t                    <div class=\"tst-text tst-text-lg tst-text-shadow tst-white-2\">\n\t                    \t<div >\n\t\t\t\t\t\t\t  \t<p class=\"p1\">La pizza italienne traditionnelle est un chef-d'\u0153uvre culinaire qui combine une cro\u00fbte fine et croustillante avec une sauce tomate riche, de la mozzarella cr\u00e9meuse et une vari\u00e9t\u00e9 de garnitures fra\u00eeches et savoureuses, offrant un go\u00fbt irr\u00e9sistible de l'Italie.<\/p>\t\t\t\t\t\t\t<\/div>\n\t                    <\/div>\n\t                  <\/div>\n\t                  \t                  \t                  <a href=\"https:\/\/ciaoitalypizza.ca\/fr\/reservations\/\" class=\"tst-btn tst-btn-lg tst-btn-shadow tst-mt-30 tst-fade-up\">\n\t                  \t\t                  \t<span >\n\t\t\t\t\t\t\tR\u00e9serve\t\t\t\t\t\t<\/span>\n\t                  <\/a>\n\t                  \t                  \t                  <a href=\"https:\/\/ciaoitalypizza.ca\/fr\/menu-card\/\" class=\"tst-btn tst-btn-lg tst-btn-shadow tst-mt-30 tst-fade-up\">\n\t                  \t\t                  \t<span >\n\t\t\t\t\t\t\tMenu\t\t\t\t\t\t<\/span>\n\t                  <\/a>\n\t                  \t                <\/div>\n\t              <\/div>\n\t              <!-- text end -->\n\n\t            <\/div>\n\t            <div class=\"col-lg-6\">\n\t              \t              <!-- image -->\n\t              <img decoding=\"async\" src=\"https:\/\/ciaoitalypizza.ca\/wp-content\/uploads\/2023\/03\/Ciao-italy-pizza-950x962.png\" alt=\"\" class=\"tst-cta-image tst-fade-up\">\n\t              <!-- image end -->\n\t              \t            <\/div>\n\t          <\/div>\n\t        <\/div>\n\t    <\/div>\n\t    <!-- call to action end -->\n\n\t    <div class=\"tst-content-frame--start tst-p-60-0\"><\/div>\n\n\t\t\t\t\t\t<\/div>\n\t\t\t\t<\/div>\n\t\t\t\t\t<\/div>\n\t\t<\/div>\n\t\t\t\t\t<\/div>\n\t\t<\/section>\n\t\t\t\t<\/div>","protected":false},"excerpt":{"rendered":"<p>Fully customized catering The Concept At Ciao Italy Pizza, we believe that great food brings people together, and our passion for delivering exceptional catering experiences has led us to expand beyond pizza. While our handcrafted pizzas remain at the heart of what we do, we\u2019ve evolved into a full-service catering company, offering multiple specialized event stations designed to create a&#8230; <span class=\"tst-el-more\"><a href=\"https:\/\/ciaoitalypizza.ca\/fr\/theconcept\/\" class=\"tst-label tst-color tst-anima-link\">Read more<span class=\"screen-reader-text\">Read moreThe Concept<\/span><\/a><\/span><\/p>","protected":false},"author":2,"featured_media":0,"parent":0,"menu_order":0,"comment_status":"closed","ping_status":"closed","template":"template-layout-builder.php","meta":{"_acf_changed":false,"om_disable_all_campaigns":false,"_monsterinsights_skip_tracking":false,"_monsterinsights_sitenote_active":false,"_monsterinsights_sitenote_note":"","_monsterinsights_sitenote_category":0,"footnotes":""},"class_list":["post-1232","page","type-page","status-publish","hentry"],"acf":[],"yoast_head":"<!-- This site is optimized with the Yoast SEO plugin v27.4 - https:\/\/yoast.com\/product\/yoast-seo-wordpress\/ -->\n<title>The Concept - Ciao Italy Pizza Montreal | Mobile Pizza Catering &amp; Food Truck<\/title>\n<meta name=\"robots\" content=\"index, follow, max-snippet:-1, max-image-preview:large, max-video-preview:-1\" \/>\n<link rel=\"canonical\" href=\"https:\/\/ciaoitalypizza.ca\/fr\/theconcept\/\" \/>\n<meta property=\"og:locale\" content=\"fr_CA\" \/>\n<meta property=\"og:type\" content=\"article\" \/>\n<meta property=\"og:title\" content=\"The Concept - Ciao Italy Pizza Montreal | Mobile Pizza Catering &amp; Food Truck\" \/>\n<meta property=\"og:description\" content=\"Fully customized catering The Concept At Ciao Italy Pizza, we believe that great food brings people together, and our passion for delivering exceptional catering experiences has led us to expand beyond pizza. While our handcrafted pizzas remain at the heart of what we do, we\u2019ve evolved into a full-service catering company, offering multiple specialized event stations designed to create a... Read moreRead moreThe Concept\" \/>\n<meta property=\"og:url\" content=\"https:\/\/ciaoitalypizza.ca\/fr\/theconcept\/\" \/>\n<meta property=\"og:site_name\" content=\"Ciao Italy Pizza Montreal | Mobile Pizza Catering &amp; Food Truck\" \/>\n<meta property=\"article:modified_time\" content=\"2025-03-14T15:50:43+00:00\" \/>\n<meta property=\"og:image\" content=\"https:\/\/ciaoitalypizza.ca\/wp-content\/uploads\/2025\/03\/Ciao-Italy-Main-Ad-3-950x1188.jpg\" \/>\n<meta name=\"twitter:card\" content=\"summary_large_image\" \/>\n<meta name=\"twitter:label1\" content=\"Estimation du temps de lecture\" \/>\n\t<meta name=\"twitter:data1\" content=\"3 minutes\" \/>\n<script type=\"application\/ld+json\" class=\"yoast-schema-graph\">{\"@context\":\"https:\\\/\\\/schema.org\",\"@graph\":[{\"@type\":\"WebPage\",\"@id\":\"https:\\\/\\\/ciaoitalypizza.ca\\\/theconcept\\\/\",\"url\":\"https:\\\/\\\/ciaoitalypizza.ca\\\/theconcept\\\/\",\"name\":\"The Concept - Ciao Italy Pizza Montreal | Mobile Pizza Catering &amp; Food Truck\",\"isPartOf\":{\"@id\":\"https:\\\/\\\/ciaoitalypizza.ca\\\/#website\"},\"primaryImageOfPage\":{\"@id\":\"https:\\\/\\\/ciaoitalypizza.ca\\\/theconcept\\\/#primaryimage\"},\"image\":{\"@id\":\"https:\\\/\\\/ciaoitalypizza.ca\\\/theconcept\\\/#primaryimage\"},\"thumbnailUrl\":\"https:\\\/\\\/ciaoitalypizza.ca\\\/wp-content\\\/uploads\\\/2025\\\/03\\\/Ciao-Italy-Main-Ad-3-950x1188.jpg\",\"datePublished\":\"2021-09-04T13:16:01+00:00\",\"dateModified\":\"2025-03-14T15:50:43+00:00\",\"breadcrumb\":{\"@id\":\"https:\\\/\\\/ciaoitalypizza.ca\\\/theconcept\\\/#breadcrumb\"},\"inLanguage\":\"fr-CA\",\"potentialAction\":[{\"@type\":\"ReadAction\",\"target\":[\"https:\\\/\\\/ciaoitalypizza.ca\\\/theconcept\\\/\"]}]},{\"@type\":\"ImageObject\",\"inLanguage\":\"fr-CA\",\"@id\":\"https:\\\/\\\/ciaoitalypizza.ca\\\/theconcept\\\/#primaryimage\",\"url\":\"https:\\\/\\\/ciaoitalypizza.ca\\\/wp-content\\\/uploads\\\/2025\\\/03\\\/Ciao-Italy-Main-Ad-3-950x1188.jpg\",\"contentUrl\":\"https:\\\/\\\/ciaoitalypizza.ca\\\/wp-content\\\/uploads\\\/2025\\\/03\\\/Ciao-Italy-Main-Ad-3-950x1188.jpg\"},{\"@type\":\"BreadcrumbList\",\"@id\":\"https:\\\/\\\/ciaoitalypizza.ca\\\/theconcept\\\/#breadcrumb\",\"itemListElement\":[{\"@type\":\"ListItem\",\"position\":1,\"name\":\"Home\",\"item\":\"https:\\\/\\\/ciaoitalypizza.ca\\\/\"},{\"@type\":\"ListItem\",\"position\":2,\"name\":\"The Concept\"}]},{\"@type\":\"WebSite\",\"@id\":\"https:\\\/\\\/ciaoitalypizza.ca\\\/#website\",\"url\":\"https:\\\/\\\/ciaoitalypizza.ca\\\/\",\"name\":\"Ciao Italy Pizza Montreal | Mobile Pizza Catering &amp; Food Truck\",\"description\":\"From corporate lunches to wedding receptions, our mobile catering service will impress your guests and make your event unforgettable!\",\"potentialAction\":[{\"@type\":\"SearchAction\",\"target\":{\"@type\":\"EntryPoint\",\"urlTemplate\":\"https:\\\/\\\/ciaoitalypizza.ca\\\/?s={search_term_string}\"},\"query-input\":{\"@type\":\"PropertyValueSpecification\",\"valueRequired\":true,\"valueName\":\"search_term_string\"}}],\"inLanguage\":\"fr-CA\"}]}<\/script>\n<!-- \/ Yoast SEO plugin. -->","yoast_head_json":{"title":"The Concept - Ciao Italy Pizza Montreal | Mobile Pizza Catering &amp; Food Truck","robots":{"index":"index","follow":"follow","max-snippet":"max-snippet:-1","max-image-preview":"max-image-preview:large","max-video-preview":"max-video-preview:-1"},"canonical":"https:\/\/ciaoitalypizza.ca\/fr\/theconcept\/","og_locale":"fr_CA","og_type":"article","og_title":"The Concept - Ciao Italy Pizza Montreal | Mobile Pizza Catering &amp; Food Truck","og_description":"Fully customized catering The Concept At Ciao Italy Pizza, we believe that great food brings people together, and our passion for delivering exceptional catering experiences has led us to expand beyond pizza. While our handcrafted pizzas remain at the heart of what we do, we\u2019ve evolved into a full-service catering company, offering multiple specialized event stations designed to create a... Read moreRead moreThe Concept","og_url":"https:\/\/ciaoitalypizza.ca\/fr\/theconcept\/","og_site_name":"Ciao Italy Pizza Montreal | Mobile Pizza Catering &amp; Food Truck","article_modified_time":"2025-03-14T15:50:43+00:00","og_image":[{"url":"https:\/\/ciaoitalypizza.ca\/wp-content\/uploads\/2025\/03\/Ciao-Italy-Main-Ad-3-950x1188.jpg","type":"","width":"","height":""}],"twitter_card":"summary_large_image","twitter_misc":{"Estimation du temps de lecture":"3 minutes"},"schema":{"@context":"https:\/\/schema.org","@graph":[{"@type":"WebPage","@id":"https:\/\/ciaoitalypizza.ca\/theconcept\/","url":"https:\/\/ciaoitalypizza.ca\/theconcept\/","name":"The Concept - Ciao Italy Pizza Montreal | Mobile Pizza Catering &amp; Food Truck","isPartOf":{"@id":"https:\/\/ciaoitalypizza.ca\/#website"},"primaryImageOfPage":{"@id":"https:\/\/ciaoitalypizza.ca\/theconcept\/#primaryimage"},"image":{"@id":"https:\/\/ciaoitalypizza.ca\/theconcept\/#primaryimage"},"thumbnailUrl":"https:\/\/ciaoitalypizza.ca\/wp-content\/uploads\/2025\/03\/Ciao-Italy-Main-Ad-3-950x1188.jpg","datePublished":"2021-09-04T13:16:01+00:00","dateModified":"2025-03-14T15:50:43+00:00","breadcrumb":{"@id":"https:\/\/ciaoitalypizza.ca\/theconcept\/#breadcrumb"},"inLanguage":"fr-CA","potentialAction":[{"@type":"ReadAction","target":["https:\/\/ciaoitalypizza.ca\/theconcept\/"]}]},{"@type":"ImageObject","inLanguage":"fr-CA","@id":"https:\/\/ciaoitalypizza.ca\/theconcept\/#primaryimage","url":"https:\/\/ciaoitalypizza.ca\/wp-content\/uploads\/2025\/03\/Ciao-Italy-Main-Ad-3-950x1188.jpg","contentUrl":"https:\/\/ciaoitalypizza.ca\/wp-content\/uploads\/2025\/03\/Ciao-Italy-Main-Ad-3-950x1188.jpg"},{"@type":"BreadcrumbList","@id":"https:\/\/ciaoitalypizza.ca\/theconcept\/#breadcrumb","itemListElement":[{"@type":"ListItem","position":1,"name":"Home","item":"https:\/\/ciaoitalypizza.ca\/"},{"@type":"ListItem","position":2,"name":"The Concept"}]},{"@type":"WebSite","@id":"https:\/\/ciaoitalypizza.ca\/#website","url":"https:\/\/ciaoitalypizza.ca\/","name":"Ciao Italy Pizza Montreal | Mobile Pizza Catering &amp; Food Truck","description":"From corporate lunches to wedding receptions, our mobile catering service will impress your guests and make your event unforgettable!","potentialAction":[{"@type":"SearchAction","target":{"@type":"EntryPoint","urlTemplate":"https:\/\/ciaoitalypizza.ca\/?s={search_term_string}"},"query-input":{"@type":"PropertyValueSpecification","valueRequired":true,"valueName":"search_term_string"}}],"inLanguage":"fr-CA"}]}},"_links":{"self":[{"href":"https:\/\/ciaoitalypizza.ca\/fr\/wp-json\/wp\/v2\/pages\/1232","targetHints":{"allow":["GET"]}}],"collection":[{"href":"https:\/\/ciaoitalypizza.ca\/fr\/wp-json\/wp\/v2\/pages"}],"about":[{"href":"https:\/\/ciaoitalypizza.ca\/fr\/wp-json\/wp\/v2\/types\/page"}],"author":[{"embeddable":true,"href":"https:\/\/ciaoitalypizza.ca\/fr\/wp-json\/wp\/v2\/users\/2"}],"replies":[{"embeddable":true,"href":"https:\/\/ciaoitalypizza.ca\/fr\/wp-json\/wp\/v2\/comments?post=1232"}],"version-history":[{"count":5,"href":"https:\/\/ciaoitalypizza.ca\/fr\/wp-json\/wp\/v2\/pages\/1232\/revisions"}],"predecessor-version":[{"id":2959,"href":"https:\/\/ciaoitalypizza.ca\/fr\/wp-json\/wp\/v2\/pages\/1232\/revisions\/2959"}],"wp:attachment":[{"href":"https:\/\/ciaoitalypizza.ca\/fr\/wp-json\/wp\/v2\/media?parent=1232"}],"curies":[{"name":"wp","href":"https:\/\/api.w.org\/{rel}","templated":true}]}}